{"id":5193,"date":"2018-06-02T09:25:10","date_gmt":"2018-06-02T09:25:10","guid":{"rendered":"http:\/\/www.grottadegliangeli.com\/contatti\/"},"modified":"2022-02-16T15:56:04","modified_gmt":"2022-02-16T14:56:04","slug":"contact","status":"publish","type":"page","link":"https:\/\/www.casaparigi.net\/en\/contact\/","title":{"rendered":"Contact Us"},"content":{"rendered":"<p>[vc_row full_width=&#8221;stretch_row&#8221; row_overlay=&#8221;custom&#8221; css=&#8221;.vc_custom_1605189854725{padding-bottom: 30px !important;background-image: url(https:\/\/demo.zozothemes.com\/zoacres\/wp-content\/uploads\/2019\/01\/bg_halftone_black_20p-1.png?id=4943) !important;}&#8221; row_overlay_color=&#8221;rgba(255,255,255,0.7)&#8221; el_class=&#8221;sc-custom&#8221;][vc_column][vc_row_inner css=&#8221;.vc_custom_1514454049772{padding-top: 20px !important;}&#8221;][vc_column_inner width=&#8221;1\/3&#8243;]<div class=\"feature-box-wrapper feature-box-style-2 text-center wpb_animate_when_almost_visible wpb_slideInDown slideInDown vc_custom_1605190529894 shortcode-rand-1 zoacres-inline-css\" data-css=\"&quot;.shortcode-rand-1.feature-box-wrapper .section-title { color: #000000; }.shortcode-rand-1.feature-box-wrapper { color: #7a7a7a; }.shortcode-rand-1.feature-box-wrapper {background: -moz-linear-gradient(141deg,  0%,  51%,  75%);\\n\\t\\t\\t\\tbackground: -webkit-linear-gradient(141deg,  0%,  51%,  75%);\\n\\t\\t\\t\\tbackground: linear-gradient(141deg,  0%,  51%,  75%);}.shortcode-rand-1 .feature-box-icon { font-size: 30px; }.shortcode-rand-1:hover .feature-box-icon { color: #000000; }.shortcode-rand-1:hover .feature-box-icon { background: transparent; }&quot;\" ><div class=\"feature-box-icon text-center squared theme-color none\"><span class=\"icon-home\"><\/span><\/div><!-- .feature-box-icon --><div class=\"feature-box-title\"><h4 class=\"section-title\">Casa Parigi<\/h4><\/div><!-- .feature-box-title --><div class=\"feature-box-content\"><\/p>\n<p style=\"text-align: center\">Our experts are at<br \/>\nyour disposal for any<br \/>\ninformation or request.<\/p>\n<p><\/div><!-- .feature-box-content --><\/div><!-- .feature-box-wrapper -->[\/vc_column_inner][vc_column_inner width=&#8221;1\/3&#8243;]<div class=\"feature-box-wrapper feature-box-style-2 text-center wpb_animate_when_almost_visible wpb_slideInDown slideInDown vc_custom_1605189765105 shortcode-rand-2 zoacres-inline-css\" data-css=\"&quot;.shortcode-rand-2.feature-box-wrapper .section-title { color: #000000; }.shortcode-rand-2.feature-box-wrapper { color: #7a7a7a; }.shortcode-rand-2.feature-box-wrapper {background: -moz-linear-gradient(141deg,  0%,  51%,  75%);\\n\\t\\t\\t\\tbackground: -webkit-linear-gradient(141deg,  0%,  51%,  75%);\\n\\t\\t\\t\\tbackground: linear-gradient(141deg,  0%,  51%,  75%);}.shortcode-rand-2 .feature-box-icon { font-size: 30px; }.shortcode-rand-2:hover .feature-box-icon { color: #000000; }.shortcode-rand-2:hover .feature-box-icon { background: none; }&quot;\" ><div class=\"feature-box-icon text-center squared theme-color none\"><span class=\"icon-envelope\"><\/span><\/div><!-- .feature-box-icon --><div class=\"feature-box-title\"><h4 class=\"section-title\">E - Mail<\/h4><\/div><!-- .feature-box-title --><div class=\"feature-box-content\">info@casaparigi.net<\/p>\n<p><\/div><!-- .feature-box-content --><\/div><!-- .feature-box-wrapper -->[\/vc_column_inner][vc_column_inner width=&#8221;1\/3&#8243;]<div class=\"feature-box-wrapper feature-box-style-2 text-center wpb_animate_when_almost_visible wpb_slideInDown slideInDown vc_custom_1645023356866 shortcode-rand-3 zoacres-inline-css\" data-css=\"&quot;.shortcode-rand-3.feature-box-wrapper .section-title { color: #000000; }.shortcode-rand-3.feature-box-wrapper { color: #7a7a7a; }.shortcode-rand-3.feature-box-wrapper {background: -moz-linear-gradient(141deg,  0%,  51%,  75%);\\n\\t\\t\\t\\tbackground: -webkit-linear-gradient(141deg,  0%,  51%,  75%);\\n\\t\\t\\t\\tbackground: linear-gradient(141deg,  0%,  51%,  75%);}.shortcode-rand-3 .feature-box-icon { font-size: 30px; }.shortcode-rand-3:hover .feature-box-icon { color: #000000; }.shortcode-rand-3:hover .feature-box-icon { background: none; }&quot;\" ><div class=\"feature-box-icon text-center squared theme-color none\"><span class=\"icon-phone\"><\/span><\/div><!-- .feature-box-icon --><div class=\"feature-box-title\"><h4 class=\"section-title\">Telephone<\/h4><\/div><!-- .feature-box-title --><div class=\"feature-box-content\">+33 (0)6 28046652<\/p>\n<p>&nbsp;<\/p>\n<p>&nbsp;<\/p>\n<p><\/div><!-- .feature-box-content --><\/div><!-- .feature-box-wrapper -->[\/vc_column_inner][\/vc_row_inner][vc_row_inner css=&#8221;.vc_custom_1605190127787{padding-top: 35px !important;}&#8221;][vc_column_inner][vc_column_text]<\/p>\n<h5 style=\"text-align: center;\">We remind our customers that Casa Parigi <strong>does not deal with short-term rentals<\/strong><br \/>\n(with a stay of <strong>less than 6 months<\/strong>).<\/h5>\n<p>[\/vc_column_text][\/vc_column_inner][\/vc_row_inner][vc_empty_space][vc_column_text]<\/p>\n<p style=\"text-align: center;\"><strong>Dispositif de m\u00e9diation des litiges de consommation<\/strong><\/p>\n<p style=\"text-align: center;\">Conform\u00e9ment aux articles du code de la consommation L611-1 et suivants et R612-1 et suivants, il est pr\u00e9vu que pour tout litige de nature contractuelle portant sur l&#8217;ex\u00e9cution du contrat de vente et\/ou la prestation de services n&#8217;ayant pu \u00eatre r\u00e9solu dans le cadre d&#8217;une r\u00e9clamation pr\u00e9alablement introduite aupr\u00e8s de notre service client, le Consommateur pourra recourir gratuitement \u00e0 la m\u00e9diation. Il contactera l&#8217;Association Nationale des M\u00e9diateurs (ANM) soit par courrier en \u00e9crivant au 62 rue Tiquetonne 75002 PARIS soit par e-mail en remplissant le formulaire de saisine en ligne \u00e0 l&#8217;adresse suivante\u00a0<a href=\"https:\/\/www.anm-conso.com\/\" target=\"_blank\" rel=\"noopener noreferrer\">www.anm-conso.com<\/a>.<\/p>\n<p>[\/vc_column_text][\/vc_column][\/vc_row][vc_row full_width=&#8221;stretch_row&#8221; disable_element=&#8221;yes&#8221; row_overlay=&#8221;custom&#8221; css=&#8221;.vc_custom_1605189584653{padding-bottom: 120px !important;background-image: url(https:\/\/demo.zozothemes.com\/zoacres\/wp-content\/uploads\/2019\/01\/bg_halftone_black_20p-1.png?id=4943) !important;}&#8221; row_overlay_color=&#8221;rgba(255,255,255,0.7)&#8221; el_class=&#8221;sc-custom&#8221;][vc_column][vc_row_inner css=&#8221;.vc_custom_1514454049772{padding-top: 20px !important;}&#8221;][vc_column_inner width=&#8221;1\/3&#8243;]<div class=\"feature-box-wrapper feature-box-style-2 text-center wpb_animate_when_almost_visible wpb_slideInDown slideInDown vc_custom_1548134800393 shortcode-rand-4 zoacres-inline-css\" data-css=\"&quot;.shortcode-rand-4.feature-box-wrapper .section-title { color: #000000; }.shortcode-rand-4.feature-box-wrapper { color: #7a7a7a; }.shortcode-rand-4.feature-box-wrapper {background: -moz-linear-gradient(141deg,  0%,  51%,  75%);\\n\\t\\t\\t\\tbackground: -webkit-linear-gradient(141deg,  0%,  51%,  75%);\\n\\t\\t\\t\\tbackground: linear-gradient(141deg,  0%,  51%,  75%);}.shortcode-rand-4 .feature-box-icon { font-size: 30px; }.shortcode-rand-4:hover .feature-box-icon { color: #000000; }.shortcode-rand-4:hover .feature-box-icon { background: transparent; }&quot;\" ><div class=\"feature-box-icon text-center squared theme-color none\"><span class=\"icon-cursor\"><\/span><\/div><!-- .feature-box-icon --><div class=\"feature-box-title\"><h4 class=\"section-title\">About<\/h4><\/div><!-- .feature-box-title --><div class=\"feature-box-content\"><\/p>\n<p style=\"text-align: center\">Lorem ipsum dolor sit amet,<br \/>\nconsectetur adipiscing<br \/>\nelit. Suspendisse<\/p>\n<p><\/div><!-- .feature-box-content --><\/div><!-- .feature-box-wrapper -->[\/vc_column_inner][vc_column_inner width=&#8221;1\/3&#8243;]<div class=\"feature-box-wrapper feature-box-style-2 text-center wpb_animate_when_almost_visible wpb_slideInDown slideInDown vc_custom_1548134762188 shortcode-rand-5 zoacres-inline-css\" data-css=\"&quot;.shortcode-rand-5.feature-box-wrapper .section-title { color: #000000; }.shortcode-rand-5.feature-box-wrapper { color: #7a7a7a; }.shortcode-rand-5.feature-box-wrapper {background: -moz-linear-gradient(141deg,  0%,  51%,  75%);\\n\\t\\t\\t\\tbackground: -webkit-linear-gradient(141deg,  0%,  51%,  75%);\\n\\t\\t\\t\\tbackground: linear-gradient(141deg,  0%,  51%,  75%);}.shortcode-rand-5 .feature-box-icon { font-size: 30px; }.shortcode-rand-5:hover .feature-box-icon { color: #000000; }.shortcode-rand-5:hover .feature-box-icon { background: none; }&quot;\" ><div class=\"feature-box-icon text-center squared theme-color none\"><span class=\"icon-earphones-alt\"><\/span><\/div><!-- .feature-box-icon --><div class=\"feature-box-title\"><h4 class=\"section-title\">E - Mail<\/h4><\/div><!-- .feature-box-title --><div class=\"feature-box-content\">( 123)456-7890<br \/>\nBest support via email<br \/>\ninfo@example.com<\/div><!-- .feature-box-content --><\/div><!-- .feature-box-wrapper -->[\/vc_column_inner][vc_column_inner width=&#8221;1\/3&#8243;]<div class=\"feature-box-wrapper feature-box-style-2 text-center wpb_animate_when_almost_visible wpb_slideInDown slideInDown vc_custom_1548134770035 shortcode-rand-6 zoacres-inline-css\" data-css=\"&quot;.shortcode-rand-6.feature-box-wrapper .section-title { color: #000000; }.shortcode-rand-6.feature-box-wrapper { color: #7a7a7a; }.shortcode-rand-6.feature-box-wrapper {background: -moz-linear-gradient(141deg,  0%,  51%,  75%);\\n\\t\\t\\t\\tbackground: -webkit-linear-gradient(141deg,  0%,  51%,  75%);\\n\\t\\t\\t\\tbackground: linear-gradient(141deg,  0%,  51%,  75%);}.shortcode-rand-6 .feature-box-icon { font-size: 30px; }.shortcode-rand-6:hover .feature-box-icon { color: #000000; }.shortcode-rand-6:hover .feature-box-icon { background: none; }&quot;\" ><div class=\"feature-box-icon text-center squared theme-color none\"><span class=\"icon-location-pin\"><\/span><\/div><!-- .feature-box-icon --><div class=\"feature-box-title\"><h4 class=\"section-title\">Address<\/h4><\/div><!-- .feature-box-title --><div class=\"feature-box-content\">Upper Level, Overseas Passenger<br \/>\nTerminal, The Rocks,<br \/>\nUnited States.<\/div><!-- .feature-box-content --><\/div><!-- .feature-box-wrapper -->[\/vc_column_inner][\/vc_row_inner][vc_row_inner css=&#8221;.vc_custom_1534593052704{padding-top: 135px !important;}&#8221;][vc_column_inner width=&#8221;1\/2&#8243;]<div class=\"google-map-wrapper\" data-css=\"&quot;&quot;\"><div class=\"zoacresgmap\" style=\"width:100%;height:382px;\" data-map-style=\"silver\" data-multi-map=\"true\" data-maps=\"[{&quot;map_latitude&quot;:&quot;19.4322903&quot;,&quot;map_longitude&quot;:&quot;-99.3091461&quot;,&quot;map_marker&quot;:&quot;https:\\\/\\\/www.casaparigi.net\\\/wp-content\\\/uploads\\\/2018\\\/05\\\/001-house-key-1.png&quot;,&quot;map_info_opt&quot;:&quot;on&quot;,&quot;map_info_title&quot;:&quot;Zoacres&quot;,&quot;map_info_address&quot;:&quot;121 King Street, \\n&lt;br&gt;Jaliscio 3000 &lt;br&gt; Mexico&quot;}]\" data-wheel=\"false\" data-zoom=\"14\" data-custom-style=\"[]\"><\/div><\/div><!-- .google-map-wrapper -->[\/vc_column_inner][vc_column_inner width=&#8221;1\/2&#8243;]<div class=\"contact-form-wrapper contact-form-grey\" data-css=\"&quot;&quot;\"><div class=\"contact-form\"><div role=\"form\" class=\"wpcf7\" id=\"wpcf7-f2427-o1\" lang=\"en-US\" dir=\"ltr\">\n<div class=\"screen-reader-response\"><p role=\"status\" aria-live=\"polite\" aria-atomic=\"true\"><\/p> <ul><\/ul><\/div>\n<form action=\"\/en\/wp-json\/wp\/v2\/pages\/5193#wpcf7-f2427-o1\" method=\"post\" class=\"wpcf7-form init\" novalidate=\"novalidate\" data-status=\"init\">\n<div style=\"display: none;\">\n<input type=\"hidden\" name=\"_wpcf7\" value=\"2427\" \/>\n<input type=\"hidden\" name=\"_wpcf7_version\" value=\"5.4\" \/>\n<input type=\"hidden\" name=\"_wpcf7_locale\" value=\"en_US\" \/>\n<input type=\"hidden\" name=\"_wpcf7_unit_tag\" value=\"wpcf7-f2427-o1\" \/>\n<input type=\"hidden\" name=\"_wpcf7_container_post\" value=\"0\" \/>\n<input type=\"hidden\" name=\"_wpcf7_posted_data_hash\" value=\"\" \/>\n<input type=\"hidden\" name=\"_wpcf7_recaptcha_response\" value=\"\" \/>\n<\/div>\n<div class=\"row\">\n<div class=\"col-md-6\">\n<span class=\"wpcf7-form-control-wrap Name\"><input type=\"text\" name=\"Name\" value=\"\" size=\"40\" class=\"wpcf7-form-control wpcf7-text\" aria-invalid=\"false\" placeholder=\"Name\" \/><\/span>\n<\/div>\n<div class=\"col-md-6\">\n<span class=\"wpcf7-form-control-wrap your-email\"><input type=\"email\" name=\"your-email\" value=\"\" size=\"40\" class=\"wpcf7-form-control wpcf7-text wpcf7-email wpcf7-validates-as-required wpcf7-validates-as-email\" aria-required=\"true\" aria-invalid=\"false\" placeholder=\"Email\" \/><\/span>\n<\/div>\n<\/div>\n<div class=\"row\">\n<div class=\"col-md-12\">\n<span class=\"wpcf7-form-control-wrap Phone\"><input type=\"text\" name=\"Phone\" value=\"\" size=\"40\" class=\"wpcf7-form-control wpcf7-text wpcf7-validates-as-required\" aria-required=\"true\" aria-invalid=\"false\" placeholder=\"Phone\" \/><\/span>\n<\/div>\n<\/div>\n<div class=\"row\">\n<div class=\"col-md-12\">\n<span class=\"wpcf7-form-control-wrap your-subject\"><input type=\"text\" name=\"your-subject\" value=\"\" size=\"40\" class=\"wpcf7-form-control wpcf7-text\" aria-invalid=\"false\" placeholder=\"Subject\" \/><\/span>\n<\/div>\n<\/div>\n<div class=\"row\">\n<div class=\"col-md-12\">\n<span class=\"wpcf7-form-control-wrap your-message\"><textarea name=\"your-message\" cols=\"40\" rows=\"10\" class=\"wpcf7-form-control wpcf7-textarea\" aria-invalid=\"false\" placeholder=\"Message\"><\/textarea><\/span>\n<\/div>\n<\/div>\n<p><input type=\"submit\" value=\"Send Now\" class=\"wpcf7-form-control wpcf7-submit\" \/><\/p>\n<div class=\"wpcf7-response-output\" aria-hidden=\"true\"><\/div><\/form><\/div><\/div><!-- .contact-form --><\/div><!-- .contact-form-wrapper -->[\/vc_column_inner][\/vc_row_inner][\/vc_column][\/vc_row]<\/p>\n","protected":false},"excerpt":{"rendered":"<p>[vc_row full_width=&#8221;stretch_row&#8221; row_overlay=&#8221;custom&#8221; css=&#8221;.vc_custom_1605189854725{padding-bottom: 30px !important;background-image: url(https:\/\/demo.zozothemes.com\/zoacres\/wp-content\/uploads\/2019\/01\/bg_halftone_black_20p-1.png?id=4943) !important;}&#8221; row_overlay_color=&#8221;rgba(255,255,255,0.7)&#8221; el_class=&#8221;sc-custom&#8221;][vc_column][vc_row_inner css=&#8221;.vc_custom_1514454049772{padding-top: 20px !important;}&#8221;][vc_column_inner width=&#8221;1\/3&#8243;][\/vc_column_inner][vc_column_inner width=&#8221;1\/3&#8243;][\/vc_column_inner][vc_column_inner width=&#8221;1\/3&#8243;][\/vc_column_inner][\/vc_row_inner][vc_row_inner css=&#8221;.vc_custom_1605190127787{padding-top: 35px !important;}&#8221;][vc_column_inner][vc_column_text] We remind our customers that Casa Parigi does not deal with short-term rentals (with a stay of less than 6 months). [\/vc_column_text][\/vc_column_inner][\/vc_row_inner][vc_empty_space][vc_column_text] Dispositif de m\u00e9diation des litiges de consommation Conform\u00e9ment aux articles du code de la<\/p>\n","protected":false},"author":1,"featured_media":0,"parent":0,"menu_order":0,"comment_status":"closed","ping_status":"closed","template":"","meta":[],"_links":{"self":[{"href":"https:\/\/www.casaparigi.net\/en\/wp-json\/wp\/v2\/pages\/5193"}],"collection":[{"href":"https:\/\/www.casaparigi.net\/en\/wp-json\/wp\/v2\/pages"}],"about":[{"href":"https:\/\/www.casaparigi.net\/en\/wp-json\/wp\/v2\/types\/page"}],"author":[{"embeddable":true,"href":"https:\/\/www.casaparigi.net\/en\/wp-json\/wp\/v2\/users\/1"}],"replies":[{"embeddable":true,"href":"https:\/\/www.casaparigi.net\/en\/wp-json\/wp\/v2\/comments?post=5193"}],"version-history":[{"count":7,"href":"https:\/\/www.casaparigi.net\/en\/wp-json\/wp\/v2\/pages\/5193\/revisions"}],"predecessor-version":[{"id":11683,"href":"https:\/\/www.casaparigi.net\/en\/wp-json\/wp\/v2\/pages\/5193\/revisions\/11683"}],"wp:attachment":[{"href":"https:\/\/www.casaparigi.net\/en\/wp-json\/wp\/v2\/media?parent=5193"}],"curies":[{"name":"wp","href":"https:\/\/api.w.org\/{rel}","templated":true}]}}